{"id":2625,"date":"2026-02-19T09:41:57","date_gmt":"2026-02-19T09:41:57","guid":{"rendered":"https:\/\/maakoneet.pilardev.fi\/?post_type=product&#038;p=2625"},"modified":"2026-02-26T14:43:22","modified_gmt":"2026-02-26T14:43:22","slug":"kire-sk-13-hienokuntoinen-kippikarry","status":"publish","type":"product","link":"https:\/\/maakoneet.pilardev.fi\/sv\/product\/kire-sk-13-hienokuntoinen-kippikarry\/","title":{"rendered":"Kire SK 13 Hienokuntoinen kippik\u00e4rry"},"content":{"rendered":"<p class=\"ma0\">T\u00e4st\u00e4 vaihtoehto uudelle k\u00e4rrylle hyv\u00e4\u00e4 k\u00e4ytetty\u00e4 etsiv\u00e4lle<\/p>\n<p class=\"ma0\">Ajettu vain viljaa, aina sis\u00e4ll\u00e4 s\u00e4ilytetty puhdistettuna<\/p>\n<p class=\"ma0\">Runko ruosteeton kuten n\u00e4kyy, ei ajettu suolaisilla teill\u00e4..<\/p>\n<p class=\"ma0\">Kuljetus j\u00e4rjestyy<\/p>\n<p class=\"ma0\">Hinta sis alv.<\/p>\n<p class=\"ma0\">Lavan ulkomitat 2400 x 4100<\/p>\n<p class=\"ma0\">Lavan sis\u00e4mitat 2340 x 4040<\/p>\n<p class=\"ma0\">Lavan korkeus maasta 950mm<\/p>\n<p class=\"ma0\">Lavan pohjalevy 4mm<\/p>\n<p class=\"ma0\">Reunalaudan paksuus 28mm<\/p>\n<p class=\"ma0\">Veto-aisan pituus 1430mm<\/p>\n<p class=\"ma0\">Py\u00f6rien raidev\u00e4li 1780mm<\/p>\n<p class=\"ma0\">Kippisylinteri NAS 4<\/p>\n<p class=\"ma0\">Kippauskulma 52\u00b0<\/p>\n<p class=\"ma0\">Lavan per\u00e4nylitys 470mm<\/p>\n<p class=\"ma0\">Viljalaitojen korkeus 1300mm<\/p>\n<p class=\"ma0\">Laitojen korkeusjako 500mm + 800mm<\/p>\n<p class=\"ma0\">Keinutelin rakenne 70x70mm\/6-pulttiset<\/p>\n<p class=\"ma0\">Keinuakseli \u00f8 60mm<\/p>\n<p class=\"ma0\">Vakio py\u00f6r\u00e4koko 400\/60&#215;15,5-14pr<\/p>\n<p class=\"ma0\">Paino 2000kg<\/p>\n<p class=\"ma0\">045-8865152<\/p>","protected":false},"excerpt":{"rendered":"<p>T\u00e4st\u00e4 vaihtoehto uudelle k\u00e4rrylle hyv\u00e4\u00e4 k\u00e4ytetty\u00e4 etsiv\u00e4lle Ajettu vain viljaa, aina sis\u00e4ll\u00e4 s\u00e4ilytetty puhdistettuna Runko ruosteeton kuten n\u00e4kyy, ei ajettu [&hellip;]<\/p>","protected":false},"featured_media":2628,"comment_status":"open","ping_status":"closed","template":"","meta":{"_acf_changed":false,"site-sidebar-layout":"default","site-content-layout":"","ast-site-content-layout":"default","site-content-style":"default","site-sidebar-style":"default","ast-global-header-display":"","ast-banner-title-visibility":"","ast-main-header-display":"","ast-hfb-above-header-display":"","ast-hfb-below-header-display":"","ast-hfb-mobile-header-display":"","site-post-title":"","ast-breadcrumbs-content":"","ast-featured-img":"","footer-sml-layout":"","ast-disable-related-posts":"","theme-transparent-header-meta":"default","adv-header-id-meta":"","stick-header-meta":"","header-above-stick-meta":"","header-main-stick-meta":"","header-below-stick-meta":"","astra-migrate-meta-layouts":"set","ast-page-background-enabled":"default","ast-page-background-meta":{"desktop":{"background-color":"var(--ast-global-color-5)","background-image":"","background-repeat":"repeat","background-position":"center center","background-size":"auto","background-attachment":"scroll","background-type":"","background-media":"","overlay-type":"","overlay-color":"","overlay-opacity":"","overlay-gradient":""},"tablet":{"background-color":"","background-image":"","background-repeat":"repeat","background-position":"center center","background-size":"auto","background-attachment":"scroll","background-type":"","background-media":"","overlay-type":"","overlay-color":"","overlay-opacity":"","overlay-gradient":""},"mobile":{"background-color":"","background-image":"","background-repeat":"repeat","background-position":"center center","background-size":"auto","background-attachment":"scroll","background-type":"","background-media":"","overlay-type":"","overlay-color":"","overlay-opacity":"","overlay-gradient":""}},"ast-content-background-meta":{"desktop":{"background-color":"var(--ast-global-color-4)","background-image":"","background-repeat":"repeat","background-position":"center center","background-size":"auto","background-attachment":"scroll","background-type":"","background-media":"","overlay-type":"","overlay-color":"","overlay-opacity":"","overlay-gradient":""},"tablet":{"background-color":"var(--ast-global-color-4)","background-image":"","background-repeat":"repeat","background-position":"center center","background-size":"auto","background-attachment":"scroll","background-type":"","background-media":"","overlay-type":"","overlay-color":"","overlay-opacity":"","overlay-gradient":""},"mobile":{"background-color":"var(--ast-global-color-4)","background-image":"","background-repeat":"repeat","background-position":"center center","background-size":"auto","background-attachment":"scroll","background-type":"","background-media":"","overlay-type":"","overlay-color":"","overlay-opacity":"","overlay-gradient":""}}},"product_brand":[],"product_cat":[56],"product_tag":[],"class_list":{"0":"post-2625","1":"product","2":"type-product","3":"status-publish","4":"has-post-thumbnail","6":"product_cat-maatalous","7":"desktop-align-left","8":"tablet-align-left","9":"mobile-align-left","11":"first","12":"instock","13":"shipping-taxable","14":"purchasable","15":"product-type-simple"},"acf":[],"_links":{"self":[{"href":"https:\/\/maakoneet.pilardev.fi\/sv\/wp-json\/wp\/v2\/product\/2625","targetHints":{"allow":["GET"]}}],"collection":[{"href":"https:\/\/maakoneet.pilardev.fi\/sv\/wp-json\/wp\/v2\/product"}],"about":[{"href":"https:\/\/maakoneet.pilardev.fi\/sv\/wp-json\/wp\/v2\/types\/product"}],"replies":[{"embeddable":true,"href":"https:\/\/maakoneet.pilardev.fi\/sv\/wp-json\/wp\/v2\/comments?post=2625"}],"wp:featuredmedia":[{"embeddable":true,"href":"https:\/\/maakoneet.pilardev.fi\/sv\/wp-json\/wp\/v2\/media\/2628"}],"wp:attachment":[{"href":"https:\/\/maakoneet.pilardev.fi\/sv\/wp-json\/wp\/v2\/media?parent=2625"}],"wp:term":[{"taxonomy":"product_brand","embeddable":true,"href":"https:\/\/maakoneet.pilardev.fi\/sv\/wp-json\/wp\/v2\/product_brand?post=2625"},{"taxonomy":"product_cat","embeddable":true,"href":"https:\/\/maakoneet.pilardev.fi\/sv\/wp-json\/wp\/v2\/product_cat?post=2625"},{"taxonomy":"product_tag","embeddable":true,"href":"https:\/\/maakoneet.pilardev.fi\/sv\/wp-json\/wp\/v2\/product_tag?post=2625"}],"curies":[{"name":"wp","href":"https:\/\/api.w.org\/{rel}","templated":true}]}}