{"id":2738,"date":"2026-02-19T10:46:03","date_gmt":"2026-02-19T10:46:03","guid":{"rendered":"https:\/\/maakoneet.pilardev.fi\/?post_type=product&#038;p=2738"},"modified":"2026-02-26T14:40:26","modified_gmt":"2026-02-26T14:40:26","slug":"scania-114-g-nosturilla-seka-vaijerilaitteilla","status":"publish","type":"product","link":"https:\/\/maakoneet.pilardev.fi\/sv\/product\/scania-114-g-nosturilla-seka-vaijerilaitteilla\/","title":{"rendered":"Scania 114 G Nosturilla sek\u00e4 Vaijerilaitteilla"},"content":{"rendered":"<p class=\"ma0\">Hyv\u00e4kuntoinen Scania 114 G omasta k\u00e4yt\u00f6st\u00e4<\/p>\n<p class=\"ma0\">Auto tullut meille 2017, sen j\u00e4lkeen huollettu sek\u00e4 korjattu s\u00e4\u00e4nn\u00f6llisesti<\/p>\n<p class=\"ma0\">-525000 km vaihdettu opticrusen ohjauslohkot<\/p>\n<p class=\"ma0\">-536400 km tehty t\u00e4ysi moottoriremontti, samalla vaihdettu turbo sek\u00e4 kompressori<\/p>\n<p class=\"ma0\">-Ei vuoda tai tiputtele mist\u00e4\u00e4n<\/p>\n<p class=\"ma0\">-Auton huollot sek\u00e4 korjaukset tehty Varaosalinna oy ll\u00e4 vuodesta 2018 josta l\u00f6ytyy historia<\/p>\n<p class=\"ma0\">-Uusi moottoril\u00e4mmitt\u00e4j\u00e4 2023<\/p>\n<p class=\"ma0\">-Renkaat edess\u00e4 60-70%,renkaiden asennuksen yhteydess\u00e4 asennettu uudet vanteet,vetopy\u00f6riss\u00e4 uudet talvipinnat mill\u00e4 ajettu n 3000km, telin renkaat n\u00e4kyy kuvissa<\/p>\n<p class=\"ma0\">-Nosturi Palfinger PK 10500 lis\u00e4hydrauliikalla sek\u00e4 lauhduttimella,nosturissa vaihdettu letkuja sit\u00e4 mukaa kun vuotoja ilmennyt, ei vuotoja<\/p>\n<p class=\"ma0\">-Vaijerilaite sivukipill\u00e4,runko suora, laitemitta 4,80 cm ,vaijerit uusittu 2024,meill\u00e4 ajettu 6 sek\u00e4 6,5 metrin lavoilla mitk\u00e4 sopii hyvin, ei vuoda mist\u00e4\u00e4n.<\/p>\n<p class=\"ma0\">-Takana per\u00e4lautahydrauliikka, meill\u00e4 ei ole k\u00e4ytetty<\/p>\n<p class=\"ma0\">-Paperipiirturi<\/p>\n<p>&nbsp;<\/p>\n<p class=\"ma0\">Viimeiset vuodet auto ollut l\u00e4hinn\u00e4 varaautona satunnaisessa k\u00e4yt\u00f6ss\u00e4, katsastettu joka vuosi,s\u00e4ilytetty tallissa, myyd\u00e4\u00e4n meille nyt tarpeettomana.<\/p>\n<p class=\"ma0\">Lis\u00e4tiedot:045-8865152<\/p>","protected":false},"excerpt":{"rendered":"<p>Hyv\u00e4kuntoinen Scania 114 G omasta k\u00e4yt\u00f6st\u00e4 Auto tullut meille 2017, sen j\u00e4lkeen huollettu sek\u00e4 korjattu s\u00e4\u00e4nn\u00f6llisesti -525000 km vaihdettu opticrusen [&hellip;]<\/p>","protected":false},"featured_media":2750,"comment_status":"open","ping_status":"closed","template":"","meta":{"_acf_changed":false,"site-sidebar-layout":"default","site-content-layout":"","ast-site-content-layout":"default","site-content-style":"default","site-sidebar-style":"default","ast-global-header-display":"","ast-banner-title-visibility":"","ast-main-header-display":"","ast-hfb-above-header-display":"","ast-hfb-below-header-display":"","ast-hfb-mobile-header-display":"","site-post-title":"","ast-breadcrumbs-content":"","ast-featured-img":"","footer-sml-layout":"","ast-disable-related-posts":"","theme-transparent-header-meta":"default","adv-header-id-meta":"","stick-header-meta":"","header-above-stick-meta":"","header-main-stick-meta":"","header-below-stick-meta":"","astra-migrate-meta-layouts":"set","ast-page-background-enabled":"default","ast-page-background-meta":{"desktop":{"background-color":"var(--ast-global-color-5)","background-image":"","background-repeat":"repeat","background-position":"center center","background-size":"auto","background-attachment":"scroll","background-type":"","background-media":"","overlay-type":"","overlay-color":"","overlay-opacity":"","overlay-gradient":""},"tablet":{"background-color":"","background-image":"","background-repeat":"repeat","background-position":"center center","background-size":"auto","background-attachment":"scroll","background-type":"","background-media":"","overlay-type":"","overlay-color":"","overlay-opacity":"","overlay-gradient":""},"mobile":{"background-color":"","background-image":"","background-repeat":"repeat","background-position":"center center","background-size":"auto","background-attachment":"scroll","background-type":"","background-media":"","overlay-type":"","overlay-color":"","overlay-opacity":"","overlay-gradient":""}},"ast-content-background-meta":{"desktop":{"background-color":"var(--ast-global-color-4)","background-image":"","background-repeat":"repeat","background-position":"center center","background-size":"auto","background-attachment":"scroll","background-type":"","background-media":"","overlay-type":"","overlay-color":"","overlay-opacity":"","overlay-gradient":""},"tablet":{"background-color":"var(--ast-global-color-4)","background-image":"","background-repeat":"repeat","background-position":"center center","background-size":"auto","background-attachment":"scroll","background-type":"","background-media":"","overlay-type":"","overlay-color":"","overlay-opacity":"","overlay-gradient":""},"mobile":{"background-color":"var(--ast-global-color-4)","background-image":"","background-repeat":"repeat","background-position":"center center","background-size":"auto","background-attachment":"scroll","background-type":"","background-media":"","overlay-type":"","overlay-color":"","overlay-opacity":"","overlay-gradient":""}}},"product_brand":[58],"product_cat":[57],"product_tag":[],"class_list":{"0":"post-2738","1":"product","2":"type-product","3":"status-publish","4":"has-post-thumbnail","6":"product_brand-scania","7":"product_cat-rahti-ja-tavarankuljetus","8":"desktop-align-left","9":"tablet-align-left","10":"mobile-align-left","12":"first","13":"instock","14":"shipping-taxable","15":"purchasable","16":"product-type-simple"},"acf":[],"_links":{"self":[{"href":"https:\/\/maakoneet.pilardev.fi\/sv\/wp-json\/wp\/v2\/product\/2738","targetHints":{"allow":["GET"]}}],"collection":[{"href":"https:\/\/maakoneet.pilardev.fi\/sv\/wp-json\/wp\/v2\/product"}],"about":[{"href":"https:\/\/maakoneet.pilardev.fi\/sv\/wp-json\/wp\/v2\/types\/product"}],"replies":[{"embeddable":true,"href":"https:\/\/maakoneet.pilardev.fi\/sv\/wp-json\/wp\/v2\/comments?post=2738"}],"wp:featuredmedia":[{"embeddable":true,"href":"https:\/\/maakoneet.pilardev.fi\/sv\/wp-json\/wp\/v2\/media\/2750"}],"wp:attachment":[{"href":"https:\/\/maakoneet.pilardev.fi\/sv\/wp-json\/wp\/v2\/media?parent=2738"}],"wp:term":[{"taxonomy":"product_brand","embeddable":true,"href":"https:\/\/maakoneet.pilardev.fi\/sv\/wp-json\/wp\/v2\/product_brand?post=2738"},{"taxonomy":"product_cat","embeddable":true,"href":"https:\/\/maakoneet.pilardev.fi\/sv\/wp-json\/wp\/v2\/product_cat?post=2738"},{"taxonomy":"product_tag","embeddable":true,"href":"https:\/\/maakoneet.pilardev.fi\/sv\/wp-json\/wp\/v2\/product_tag?post=2738"}],"curies":[{"name":"wp","href":"https:\/\/api.w.org\/{rel}","templated":true}]}}