{"id":2865,"date":"2026-02-20T04:54:38","date_gmt":"2026-02-20T04:54:38","guid":{"rendered":"https:\/\/maakoneet.pilardev.fi\/?post_type=product&#038;p=2865"},"modified":"2026-02-26T14:37:29","modified_gmt":"2026-02-26T14:37:29","slug":"valmet-604-uudella-etunostolaitteella-kauhalla-3-m-hydraulinen-etuauralla","status":"publish","type":"product","link":"https:\/\/maakoneet.pilardev.fi\/sv\/product\/valmet-604-uudella-etunostolaitteella-kauhalla-3-m-hydraulinen-etuauralla\/","title":{"rendered":"Valmet 604 Uudella Etunostolaitteella, Kauhalla, 3 m Hydraulinen Etuauralla"},"content":{"rendered":"<p>-Valmet 604 uudella etunostolaitteella sek\u00e4 kauhalla -1984 -Traktori ollut ennemmin piha sek\u00e4 maneesitraktorina lanaus sek\u00e4 lumit\u00f6iss\u00e4 hevostilalla -Traktori s\u00e4\u00e4nn\u00f6llisesti huollettu ja sis\u00e4ll\u00e4 s\u00e4ilytetty sis\u00e4tiloissa kuten kuvista n\u00e4kyy. -Hyttiin asennettu lis\u00e4 \u00e4\u00e4nieristys hytin pohjaan -Traktori huollettu sek\u00e4 l\u00e4pik\u00e4yty 10 h sitten vanhan omistajan toimesta -Meill\u00e4 traktori k\u00e4ytetty korjaamolla, miss\u00e4 vaihdelaatikko k\u00e4yty l\u00e4pi, suoritettu aksiaaliv\u00e4lyksen s\u00e4\u00e4t\u00f6 sek\u00e4 vaihdettu uudet \u00f6ljyt, vaihteet toimivat erinomaisesti, laskun kopio l\u00f6ytyy korjauksesta 09.09.2025 1849,87\u20ac -Uudet renkaat asennettu sek\u00e4 samalla vanteet hiekkapuhallettu n 10 ajotuntia sitten -Renkaissa nastat -S\u00e4hk\u00f6t k\u00e4yty l\u00e4pi, kaikki valot p\u00e4ivitetty ledvaloiksi -Tuntimittari uusittu,vanha mittari mukaan, meille tullessa tunteja 3467H nyt tullut muutama tunti lis\u00e4\u00e4 pihat\u00f6iss\u00e4 traktorin testauksessa -Moottoril\u00e4mmitin -Samaan pakettiin 3 m hydraulinen etuaura, koek\u00e4ytetty meill\u00e4, ei vuotoja ja v\u00e4lyksi\u00e4 &#8211; Hinta sis alv -Kuljetuksen j\u00e4rjest\u00e4misess\u00e4 avustetaan.<\/p>","protected":false},"excerpt":{"rendered":"<p>-Valmet 604 uudella etunostolaitteella sek\u00e4 kauhalla -1984 -Traktori ollut ennemmin piha sek\u00e4 maneesitraktorina lanaus sek\u00e4 lumit\u00f6iss\u00e4 hevostilalla -Traktori s\u00e4\u00e4nn\u00f6llisesti huollettu [&hellip;]<\/p>","protected":false},"featured_media":2866,"comment_status":"open","ping_status":"closed","template":"","meta":{"_acf_changed":false,"site-sidebar-layout":"default","site-content-layout":"","ast-site-content-layout":"default","site-content-style":"default","site-sidebar-style":"default","ast-global-header-display":"","ast-banner-title-visibility":"","ast-main-header-display":"","ast-hfb-above-header-display":"","ast-hfb-below-header-display":"","ast-hfb-mobile-header-display":"","site-post-title":"","ast-breadcrumbs-content":"","ast-featured-img":"","footer-sml-layout":"","ast-disable-related-posts":"","theme-transparent-header-meta":"default","adv-header-id-meta":"","stick-header-meta":"","header-above-stick-meta":"","header-main-stick-meta":"","header-below-stick-meta":"","astra-migrate-meta-layouts":"set","ast-page-background-enabled":"default","ast-page-background-meta":{"desktop":{"background-color":"var(--ast-global-color-5)","background-image":"","background-repeat":"repeat","background-position":"center center","background-size":"auto","background-attachment":"scroll","background-type":"","background-media":"","overlay-type":"","overlay-color":"","overlay-opacity":"","overlay-gradient":""},"tablet":{"background-color":"","background-image":"","background-repeat":"repeat","background-position":"center center","background-size":"auto","background-attachment":"scroll","background-type":"","background-media":"","overlay-type":"","overlay-color":"","overlay-opacity":"","overlay-gradient":""},"mobile":{"background-color":"","background-image":"","background-repeat":"repeat","background-position":"center center","background-size":"auto","background-attachment":"scroll","background-type":"","background-media":"","overlay-type":"","overlay-color":"","overlay-opacity":"","overlay-gradient":""}},"ast-content-background-meta":{"desktop":{"background-color":"var(--ast-global-color-4)","background-image":"","background-repeat":"repeat","background-position":"center center","background-size":"auto","background-attachment":"scroll","background-type":"","background-media":"","overlay-type":"","overlay-color":"","overlay-opacity":"","overlay-gradient":""},"tablet":{"background-color":"var(--ast-global-color-4)","background-image":"","background-repeat":"repeat","background-position":"center center","background-size":"auto","background-attachment":"scroll","background-type":"","background-media":"","overlay-type":"","overlay-color":"","overlay-opacity":"","overlay-gradient":""},"mobile":{"background-color":"var(--ast-global-color-4)","background-image":"","background-repeat":"repeat","background-position":"center center","background-size":"auto","background-attachment":"scroll","background-type":"","background-media":"","overlay-type":"","overlay-color":"","overlay-opacity":"","overlay-gradient":""}}},"product_brand":[],"product_cat":[21],"product_tag":[],"class_list":{"0":"post-2865","1":"product","2":"type-product","3":"status-publish","4":"has-post-thumbnail","6":"product_cat-traktorit","7":"desktop-align-left","8":"tablet-align-left","9":"mobile-align-left","11":"first","12":"instock","13":"shipping-taxable","14":"purchasable","15":"product-type-simple"},"acf":[],"_links":{"self":[{"href":"https:\/\/maakoneet.pilardev.fi\/sv\/wp-json\/wp\/v2\/product\/2865","targetHints":{"allow":["GET"]}}],"collection":[{"href":"https:\/\/maakoneet.pilardev.fi\/sv\/wp-json\/wp\/v2\/product"}],"about":[{"href":"https:\/\/maakoneet.pilardev.fi\/sv\/wp-json\/wp\/v2\/types\/product"}],"replies":[{"embeddable":true,"href":"https:\/\/maakoneet.pilardev.fi\/sv\/wp-json\/wp\/v2\/comments?post=2865"}],"wp:featuredmedia":[{"embeddable":true,"href":"https:\/\/maakoneet.pilardev.fi\/sv\/wp-json\/wp\/v2\/media\/2866"}],"wp:attachment":[{"href":"https:\/\/maakoneet.pilardev.fi\/sv\/wp-json\/wp\/v2\/media?parent=2865"}],"wp:term":[{"taxonomy":"product_brand","embeddable":true,"href":"https:\/\/maakoneet.pilardev.fi\/sv\/wp-json\/wp\/v2\/product_brand?post=2865"},{"taxonomy":"product_cat","embeddable":true,"href":"https:\/\/maakoneet.pilardev.fi\/sv\/wp-json\/wp\/v2\/product_cat?post=2865"},{"taxonomy":"product_tag","embeddable":true,"href":"https:\/\/maakoneet.pilardev.fi\/sv\/wp-json\/wp\/v2\/product_tag?post=2865"}],"curies":[{"name":"wp","href":"https:\/\/api.w.org\/{rel}","templated":true}]}}