{"id":2974,"date":"2026-02-20T06:28:01","date_gmt":"2026-02-20T06:28:01","guid":{"rendered":"https:\/\/maakoneet.pilardev.fi\/?post_type=product&#038;p=2974"},"modified":"2026-02-26T14:48:44","modified_gmt":"2026-02-26T14:48:44","slug":"claas-rollant-255-nordic-roto-cut","status":"publish","type":"product","link":"https:\/\/maakoneet.pilardev.fi\/sv\/product\/claas-rollant-255-nordic-roto-cut\/","title":{"rendered":"Claas Rollant 255 Nordic Roto cut"},"content":{"rendered":"<p>Lis\u00e4tiedot<br \/>\nClaas Rollant Nordic 255 Rotocut<br \/>\nKone tullut meille lopettaneelta maatilalta miss\u00e4 paalattu vain hevoshein\u00e4\u00e4 sek\u00e4 olkea<br \/>\nAina sis\u00e4ll\u00e4 s\u00e4ilytetty<br \/>\nKuvista n\u00e4kyy kunto<br \/>\nHinta 11000\u20ac plus slv<br \/>\nKuljetus j\u00e4rjestyy<br \/>\n045-8865152<\/p>","protected":false},"excerpt":{"rendered":"<p>Lis\u00e4tiedot Claas Rollant Nordic 255 Rotocut Kone tullut meille lopettaneelta maatilalta miss\u00e4 paalattu vain hevoshein\u00e4\u00e4 sek\u00e4 olkea Aina sis\u00e4ll\u00e4 s\u00e4ilytetty [&hellip;]<\/p>","protected":false},"featured_media":2989,"comment_status":"open","ping_status":"closed","template":"","meta":{"_acf_changed":false,"site-sidebar-layout":"default","site-content-layout":"","ast-site-content-layout":"default","site-content-style":"default","site-sidebar-style":"default","ast-global-header-display":"","ast-banner-title-visibility":"","ast-main-header-display":"","ast-hfb-above-header-display":"","ast-hfb-below-header-display":"","ast-hfb-mobile-header-display":"","site-post-title":"","ast-breadcrumbs-content":"","ast-featured-img":"","footer-sml-layout":"","ast-disable-related-posts":"","theme-transparent-header-meta":"default","adv-header-id-meta":"","stick-header-meta":"","header-above-stick-meta":"","header-main-stick-meta":"","header-below-stick-meta":"","astra-migrate-meta-layouts":"set","ast-page-background-enabled":"default","ast-page-background-meta":{"desktop":{"background-color":"var(--ast-global-color-5)","background-image":"","background-repeat":"repeat","background-position":"center center","background-size":"auto","background-attachment":"scroll","background-type":"","background-media":"","overlay-type":"","overlay-color":"","overlay-opacity":"","overlay-gradient":""},"tablet":{"background-color":"","background-image":"","background-repeat":"repeat","background-position":"center center","background-size":"auto","background-attachment":"scroll","background-type":"","background-media":"","overlay-type":"","overlay-color":"","overlay-opacity":"","overlay-gradient":""},"mobile":{"background-color":"","background-image":"","background-repeat":"repeat","background-position":"center center","background-size":"auto","background-attachment":"scroll","background-type":"","background-media":"","overlay-type":"","overlay-color":"","overlay-opacity":"","overlay-gradient":""}},"ast-content-background-meta":{"desktop":{"background-color":"var(--ast-global-color-4)","background-image":"","background-repeat":"repeat","background-position":"center center","background-size":"auto","background-attachment":"scroll","background-type":"","background-media":"","overlay-type":"","overlay-color":"","overlay-opacity":"","overlay-gradient":""},"tablet":{"background-color":"var(--ast-global-color-4)","background-image":"","background-repeat":"repeat","background-position":"center center","background-size":"auto","background-attachment":"scroll","background-type":"","background-media":"","overlay-type":"","overlay-color":"","overlay-opacity":"","overlay-gradient":""},"mobile":{"background-color":"var(--ast-global-color-4)","background-image":"","background-repeat":"repeat","background-position":"center center","background-size":"auto","background-attachment":"scroll","background-type":"","background-media":"","overlay-type":"","overlay-color":"","overlay-opacity":"","overlay-gradient":""}}},"product_brand":[],"product_cat":[22],"product_tag":[],"class_list":{"0":"post-2974","1":"product","2":"type-product","3":"status-publish","4":"has-post-thumbnail","6":"product_cat-pyoropaalaimet","7":"desktop-align-left","8":"tablet-align-left","9":"mobile-align-left","11":"first","12":"instock","13":"shipping-taxable","14":"purchasable","15":"product-type-simple"},"acf":[],"_links":{"self":[{"href":"https:\/\/maakoneet.pilardev.fi\/sv\/wp-json\/wp\/v2\/product\/2974","targetHints":{"allow":["GET"]}}],"collection":[{"href":"https:\/\/maakoneet.pilardev.fi\/sv\/wp-json\/wp\/v2\/product"}],"about":[{"href":"https:\/\/maakoneet.pilardev.fi\/sv\/wp-json\/wp\/v2\/types\/product"}],"replies":[{"embeddable":true,"href":"https:\/\/maakoneet.pilardev.fi\/sv\/wp-json\/wp\/v2\/comments?post=2974"}],"wp:featuredmedia":[{"embeddable":true,"href":"https:\/\/maakoneet.pilardev.fi\/sv\/wp-json\/wp\/v2\/media\/2989"}],"wp:attachment":[{"href":"https:\/\/maakoneet.pilardev.fi\/sv\/wp-json\/wp\/v2\/media?parent=2974"}],"wp:term":[{"taxonomy":"product_brand","embeddable":true,"href":"https:\/\/maakoneet.pilardev.fi\/sv\/wp-json\/wp\/v2\/product_brand?post=2974"},{"taxonomy":"product_cat","embeddable":true,"href":"https:\/\/maakoneet.pilardev.fi\/sv\/wp-json\/wp\/v2\/product_cat?post=2974"},{"taxonomy":"product_tag","embeddable":true,"href":"https:\/\/maakoneet.pilardev.fi\/sv\/wp-json\/wp\/v2\/product_tag?post=2974"}],"curies":[{"name":"wp","href":"https:\/\/api.w.org\/{rel}","templated":true}]}}