{"id":3115,"date":"2026-02-20T07:19:27","date_gmt":"2026-02-20T07:19:27","guid":{"rendered":"https:\/\/maakoneet.pilardev.fi\/?post_type=product&#038;p=3115"},"modified":"2026-02-26T14:33:46","modified_gmt":"2026-02-26T14:33:46","slug":"kire-sk-13-hienokuntoinen-kippikarry-2","status":"publish","type":"product","link":"https:\/\/maakoneet.pilardev.fi\/sv\/product\/kire-sk-13-hienokuntoinen-kippikarry-2\/","title":{"rendered":"Kire Sk 13 Hienokuntoinen kippik\u00e4rry"},"content":{"rendered":"<p>T\u00e4st\u00e4 vaihtoehto uudelle k\u00e4rrylle hyv\u00e4\u00e4 k\u00e4ytetty\u00e4 etsiv\u00e4lle<br \/>\nAjettu vain viljaa, aina sis\u00e4ll\u00e4 s\u00e4ilytetty puhdistettuna<br \/>\nRunko ruosteeton kuten n\u00e4kyy, ei ajettu suolaisilla teill\u00e4<br \/>\nKuljetus j\u00e4rjestyy<br \/>\nHinta sis alv<br \/>\nLavan ulkomitat 2400 x 4100<br \/>\nLavan sis\u00e4mitat 2340 x 4040<br \/>\nLavan korkeus maasta 950mm<br \/>\nLavan pohjalevy 4mm<br \/>\nReunalaudan paksuus 28mm<br \/>\nVeto-aisan pituus 1430mm<br \/>\nPy\u00f6rien raidev\u00e4li 1780mm<br \/>\nKippisylinteri NAS 4<br \/>\nKippauskulma 52\u00b0<br \/>\nLavan per\u00e4nylitys 470mm<br \/>\nViljalaitojen korkeus 1300mm<br \/>\nLaitojen korkeusjako 500mm + 800mm<br \/>\nKeinutelin rakenne 70x70mm\/6-pulttiset<br \/>\nKeinuakseli \u00f8 60mm<br \/>\nVakio py\u00f6r\u00e4koko 400\/60&#215;15,5-14pr<br \/>\nPaino 2000kg<br \/>\n045-8865152<\/p>","protected":false},"excerpt":{"rendered":"<p>T\u00e4st\u00e4 vaihtoehto uudelle k\u00e4rrylle hyv\u00e4\u00e4 k\u00e4ytetty\u00e4 etsiv\u00e4lle Ajettu vain viljaa, aina sis\u00e4ll\u00e4 s\u00e4ilytetty puhdistettuna Runko ruosteeton kuten n\u00e4kyy, ei ajettu [&hellip;]<\/p>","protected":false},"featured_media":3116,"comment_status":"open","ping_status":"closed","template":"","meta":{"_acf_changed":false,"site-sidebar-layout":"default","site-content-layout":"","ast-site-content-layout":"default","site-content-style":"default","site-sidebar-style":"default","ast-global-header-display":"","ast-banner-title-visibility":"","ast-main-header-display":"","ast-hfb-above-header-display":"","ast-hfb-below-header-display":"","ast-hfb-mobile-header-display":"","site-post-title":"","ast-breadcrumbs-content":"","ast-featured-img":"","footer-sml-layout":"","ast-disable-related-posts":"","theme-transparent-header-meta":"default","adv-header-id-meta":"","stick-header-meta":"","header-above-stick-meta":"","header-main-stick-meta":"","header-below-stick-meta":"","astra-migrate-meta-layouts":"set","ast-page-background-enabled":"default","ast-page-background-meta":{"desktop":{"background-color":"var(--ast-global-color-5)","background-image":"","background-repeat":"repeat","background-position":"center center","background-size":"auto","background-attachment":"scroll","background-type":"","background-media":"","overlay-type":"","overlay-color":"","overlay-opacity":"","overlay-gradient":""},"tablet":{"background-color":"","background-image":"","background-repeat":"repeat","background-position":"center center","background-size":"auto","background-attachment":"scroll","background-type":"","background-media":"","overlay-type":"","overlay-color":"","overlay-opacity":"","overlay-gradient":""},"mobile":{"background-color":"","background-image":"","background-repeat":"repeat","background-position":"center center","background-size":"auto","background-attachment":"scroll","background-type":"","background-media":"","overlay-type":"","overlay-color":"","overlay-opacity":"","overlay-gradient":""}},"ast-content-background-meta":{"desktop":{"background-color":"var(--ast-global-color-4)","background-image":"","background-repeat":"repeat","background-position":"center center","background-size":"auto","background-attachment":"scroll","background-type":"","background-media":"","overlay-type":"","overlay-color":"","overlay-opacity":"","overlay-gradient":""},"tablet":{"background-color":"var(--ast-global-color-4)","background-image":"","background-repeat":"repeat","background-position":"center center","background-size":"auto","background-attachment":"scroll","background-type":"","background-media":"","overlay-type":"","overlay-color":"","overlay-opacity":"","overlay-gradient":""},"mobile":{"background-color":"var(--ast-global-color-4)","background-image":"","background-repeat":"repeat","background-position":"center center","background-size":"auto","background-attachment":"scroll","background-type":"","background-media":"","overlay-type":"","overlay-color":"","overlay-opacity":"","overlay-gradient":""}}},"product_brand":[],"product_cat":[56,57],"product_tag":[],"class_list":{"0":"post-3115","1":"product","2":"type-product","3":"status-publish","4":"has-post-thumbnail","6":"product_cat-maatalous","7":"product_cat-rahti-ja-tavarankuljetus","8":"desktop-align-left","9":"tablet-align-left","10":"mobile-align-left","12":"first","13":"instock","14":"shipping-taxable","15":"purchasable","16":"product-type-simple"},"acf":[],"_links":{"self":[{"href":"https:\/\/maakoneet.pilardev.fi\/sv\/wp-json\/wp\/v2\/product\/3115","targetHints":{"allow":["GET"]}}],"collection":[{"href":"https:\/\/maakoneet.pilardev.fi\/sv\/wp-json\/wp\/v2\/product"}],"about":[{"href":"https:\/\/maakoneet.pilardev.fi\/sv\/wp-json\/wp\/v2\/types\/product"}],"replies":[{"embeddable":true,"href":"https:\/\/maakoneet.pilardev.fi\/sv\/wp-json\/wp\/v2\/comments?post=3115"}],"wp:featuredmedia":[{"embeddable":true,"href":"https:\/\/maakoneet.pilardev.fi\/sv\/wp-json\/wp\/v2\/media\/3116"}],"wp:attachment":[{"href":"https:\/\/maakoneet.pilardev.fi\/sv\/wp-json\/wp\/v2\/media?parent=3115"}],"wp:term":[{"taxonomy":"product_brand","embeddable":true,"href":"https:\/\/maakoneet.pilardev.fi\/sv\/wp-json\/wp\/v2\/product_brand?post=3115"},{"taxonomy":"product_cat","embeddable":true,"href":"https:\/\/maakoneet.pilardev.fi\/sv\/wp-json\/wp\/v2\/product_cat?post=3115"},{"taxonomy":"product_tag","embeddable":true,"href":"https:\/\/maakoneet.pilardev.fi\/sv\/wp-json\/wp\/v2\/product_tag?post=3115"}],"curies":[{"name":"wp","href":"https:\/\/api.w.org\/{rel}","templated":true}]}}