{"id":3183,"date":"2026-02-20T08:29:36","date_gmt":"2026-02-20T08:29:36","guid":{"rendered":"https:\/\/maakoneet.pilardev.fi\/?post_type=product&#038;p=3183"},"modified":"2026-02-26T14:32:52","modified_gmt":"2026-02-26T14:32:52","slug":"nokia-184-26-nokian-vetopyorat-sampo-680-vanteilla","status":"publish","type":"product","link":"https:\/\/maakoneet.pilardev.fi\/sv\/product\/nokia-184-26-nokian-vetopyorat-sampo-680-vanteilla\/","title":{"rendered":"Nokia 18,4-26 Nokian Vetopy\u00f6r\u00e4t Sampo 680 vanteilla"},"content":{"rendered":"<p>Asiallisessa kunnossa olevat Nokia 18,4-26 Vetopy\u00f6r\u00e4t Sampo-Rosenlew 680 Puimurista<br \/>\nSampo-Rosenlew 680 Vetokehill\u00e4<br \/>\nSis\u00e4ll\u00e4 l\u00e4mp\u00f6isess\u00e4 hallissa s\u00e4ilytetty<br \/>\nHinta 690\u20ac \/ 2kpl + Alv.<br \/>\nMy\u00f6s kuljetus<br \/>\n045-8865152<\/p>","protected":false},"excerpt":{"rendered":"<p>Asiallisessa kunnossa olevat Nokia 18,4-26 Vetopy\u00f6r\u00e4t Sampo-Rosenlew 680 Puimurista Sampo-Rosenlew 680 Vetokehill\u00e4 Sis\u00e4ll\u00e4 l\u00e4mp\u00f6isess\u00e4 hallissa s\u00e4ilytetty Hinta 690\u20ac \/ 2kpl [&hellip;]<\/p>","protected":false},"featured_media":3191,"comment_status":"open","ping_status":"closed","template":"","meta":{"_acf_changed":false,"site-sidebar-layout":"default","site-content-layout":"","ast-site-content-layout":"default","site-content-style":"default","site-sidebar-style":"default","ast-global-header-display":"","ast-banner-title-visibility":"","ast-main-header-display":"","ast-hfb-above-header-display":"","ast-hfb-below-header-display":"","ast-hfb-mobile-header-display":"","site-post-title":"","ast-breadcrumbs-content":"","ast-featured-img":"","footer-sml-layout":"","ast-disable-related-posts":"","theme-transparent-header-meta":"default","adv-header-id-meta":"","stick-header-meta":"","header-above-stick-meta":"","header-main-stick-meta":"","header-below-stick-meta":"","astra-migrate-meta-layouts":"set","ast-page-background-enabled":"default","ast-page-background-meta":{"desktop":{"background-color":"var(--ast-global-color-5)","background-image":"","background-repeat":"repeat","background-position":"center center","background-size":"auto","background-attachment":"scroll","background-type":"","background-media":"","overlay-type":"","overlay-color":"","overlay-opacity":"","overlay-gradient":""},"tablet":{"background-color":"","background-image":"","background-repeat":"repeat","background-position":"center center","background-size":"auto","background-attachment":"scroll","background-type":"","background-media":"","overlay-type":"","overlay-color":"","overlay-opacity":"","overlay-gradient":""},"mobile":{"background-color":"","background-image":"","background-repeat":"repeat","background-position":"center center","background-size":"auto","background-attachment":"scroll","background-type":"","background-media":"","overlay-type":"","overlay-color":"","overlay-opacity":"","overlay-gradient":""}},"ast-content-background-meta":{"desktop":{"background-color":"var(--ast-global-color-4)","background-image":"","background-repeat":"repeat","background-position":"center center","background-size":"auto","background-attachment":"scroll","background-type":"","background-media":"","overlay-type":"","overlay-color":"","overlay-opacity":"","overlay-gradient":""},"tablet":{"background-color":"var(--ast-global-color-4)","background-image":"","background-repeat":"repeat","background-position":"center center","background-size":"auto","background-attachment":"scroll","background-type":"","background-media":"","overlay-type":"","overlay-color":"","overlay-opacity":"","overlay-gradient":""},"mobile":{"background-color":"var(--ast-global-color-4)","background-image":"","background-repeat":"repeat","background-position":"center center","background-size":"auto","background-attachment":"scroll","background-type":"","background-media":"","overlay-type":"","overlay-color":"","overlay-opacity":"","overlay-gradient":""}}},"product_brand":[],"product_cat":[56,27],"product_tag":[],"class_list":{"0":"post-3183","1":"product","2":"type-product","3":"status-publish","4":"has-post-thumbnail","6":"product_cat-maatalous","7":"product_cat-muut","8":"desktop-align-left","9":"tablet-align-left","10":"mobile-align-left","12":"first","13":"instock","14":"shipping-taxable","15":"purchasable","16":"product-type-simple"},"acf":[],"_links":{"self":[{"href":"https:\/\/maakoneet.pilardev.fi\/sv\/wp-json\/wp\/v2\/product\/3183","targetHints":{"allow":["GET"]}}],"collection":[{"href":"https:\/\/maakoneet.pilardev.fi\/sv\/wp-json\/wp\/v2\/product"}],"about":[{"href":"https:\/\/maakoneet.pilardev.fi\/sv\/wp-json\/wp\/v2\/types\/product"}],"replies":[{"embeddable":true,"href":"https:\/\/maakoneet.pilardev.fi\/sv\/wp-json\/wp\/v2\/comments?post=3183"}],"wp:featuredmedia":[{"embeddable":true,"href":"https:\/\/maakoneet.pilardev.fi\/sv\/wp-json\/wp\/v2\/media\/3191"}],"wp:attachment":[{"href":"https:\/\/maakoneet.pilardev.fi\/sv\/wp-json\/wp\/v2\/media?parent=3183"}],"wp:term":[{"taxonomy":"product_brand","embeddable":true,"href":"https:\/\/maakoneet.pilardev.fi\/sv\/wp-json\/wp\/v2\/product_brand?post=3183"},{"taxonomy":"product_cat","embeddable":true,"href":"https:\/\/maakoneet.pilardev.fi\/sv\/wp-json\/wp\/v2\/product_cat?post=3183"},{"taxonomy":"product_tag","embeddable":true,"href":"https:\/\/maakoneet.pilardev.fi\/sv\/wp-json\/wp\/v2\/product_tag?post=3183"}],"curies":[{"name":"wp","href":"https:\/\/api.w.org\/{rel}","templated":true}]}}