{"id":3372,"date":"2026-02-20T10:09:00","date_gmt":"2026-02-20T10:09:00","guid":{"rendered":"https:\/\/maakoneet.pilardev.fi\/?post_type=product&#038;p=3372"},"modified":"2026-02-26T14:26:02","modified_gmt":"2026-02-26T14:26:02","slug":"3000-litran-maitosailio","status":"publish","type":"product","link":"https:\/\/maakoneet.pilardev.fi\/sv\/product\/3000-litran-maitosailio\/","title":{"rendered":"3000 Litran Maitos\u00e4ili\u00f6"},"content":{"rendered":"<p>3000 Litran Frigomilk Maitotankki<br \/>\nOllut vain maidon sek\u00e4 veden s\u00e4ilytyksess\u00e4<br \/>\nHinta sis alv<br \/>\nMy\u00f6s kuljetus<\/p>\n<p>-Ostetaan Sampo-Rosenlew, M-F, Volvo ,Deutz-Fahr, Claas, New-Holland,John-Deere (Koko Suomi) my\u00f6s varaosapuimurit.<br \/>\n-Paalaimet\/ Welger,John-Deere,Claas, Rivierre-Casalis<br \/>\n-K\u00e4\u00e4rij\u00e4t Elho 1010,Kverneland<br \/>\nTraktorit, kaikki merkit  -Kverneland\/Elho 1010 k\u00e4\u00e4rij\u00e4t &#8211;Grimme,Kverneland,Wuhlmaus Perunapuimurit<br \/>\n-Ostamme my\u00f6s muut muut maatalouskoneet<br \/>\n-Kynt\u00f6aurat, \u00c4keet , Lietek\u00e4rryt ,Lantak\u00e4rryt Kylv\u00f6koneet(2,5 m \/3m) ym tarjoa mit\u00e4 l\u00f6ytyy!<br \/>\n-Maatalousper\u00e4vaunut ym <\/p>\n<p>Ostajana Suomalainen yritys jolla AAA luottoluokitus vuodesta 2016. Nopeat ja helpot kaupat, my\u00f6s varaosakoneet ja palovaurioituneet, nopea nouto Lopettaneet maaatilat\/Kuolinpes\u00e4koneet Ker\u00e4ilyautomme ajavat my\u00f6s Pohjois-Suomessa 2 krt kuukaudessa, etel\u00e4 Suomessa viikottain  www. maakoneet.com   puimuri ,leikkuupuimuri, puimurit,traktori,kylv\u00f6kone,\u00e4es aurat,perunapuimuri,paalain Kverneland,Fiskars ,\u00d6verum,Tume,V\u00e4derstad,Simulta https:\/\/www.facebook.com\/KrsTrans<\/p>","protected":false},"excerpt":{"rendered":"<p>3000 Litran Frigomilk Maitotankki Ollut vain maidon sek\u00e4 veden s\u00e4ilytyksess\u00e4 Hinta sis alv My\u00f6s kuljetus -Ostetaan Sampo-Rosenlew, M-F, Volvo ,Deutz-Fahr, [&hellip;]<\/p>","protected":false},"featured_media":3375,"comment_status":"open","ping_status":"closed","template":"","meta":{"_acf_changed":false,"site-sidebar-layout":"default","site-content-layout":"","ast-site-content-layout":"default","site-content-style":"default","site-sidebar-style":"default","ast-global-header-display":"","ast-banner-title-visibility":"","ast-main-header-display":"","ast-hfb-above-header-display":"","ast-hfb-below-header-display":"","ast-hfb-mobile-header-display":"","site-post-title":"","ast-breadcrumbs-content":"","ast-featured-img":"","footer-sml-layout":"","ast-disable-related-posts":"","theme-transparent-header-meta":"default","adv-header-id-meta":"","stick-header-meta":"","header-above-stick-meta":"","header-main-stick-meta":"","header-below-stick-meta":"","astra-migrate-meta-layouts":"set","ast-page-background-enabled":"default","ast-page-background-meta":{"desktop":{"background-color":"var(--ast-global-color-5)","background-image":"","background-repeat":"repeat","background-position":"center center","background-size":"auto","background-attachment":"scroll","background-type":"","background-media":"","overlay-type":"","overlay-color":"","overlay-opacity":"","overlay-gradient":""},"tablet":{"background-color":"","background-image":"","background-repeat":"repeat","background-position":"center center","background-size":"auto","background-attachment":"scroll","background-type":"","background-media":"","overlay-type":"","overlay-color":"","overlay-opacity":"","overlay-gradient":""},"mobile":{"background-color":"","background-image":"","background-repeat":"repeat","background-position":"center center","background-size":"auto","background-attachment":"scroll","background-type":"","background-media":"","overlay-type":"","overlay-color":"","overlay-opacity":"","overlay-gradient":""}},"ast-content-background-meta":{"desktop":{"background-color":"var(--ast-global-color-4)","background-image":"","background-repeat":"repeat","background-position":"center center","background-size":"auto","background-attachment":"scroll","background-type":"","background-media":"","overlay-type":"","overlay-color":"","overlay-opacity":"","overlay-gradient":""},"tablet":{"background-color":"var(--ast-global-color-4)","background-image":"","background-repeat":"repeat","background-position":"center center","background-size":"auto","background-attachment":"scroll","background-type":"","background-media":"","overlay-type":"","overlay-color":"","overlay-opacity":"","overlay-gradient":""},"mobile":{"background-color":"var(--ast-global-color-4)","background-image":"","background-repeat":"repeat","background-position":"center center","background-size":"auto","background-attachment":"scroll","background-type":"","background-media":"","overlay-type":"","overlay-color":"","overlay-opacity":"","overlay-gradient":""}}},"product_brand":[],"product_cat":[56,27],"product_tag":[],"class_list":{"0":"post-3372","1":"product","2":"type-product","3":"status-publish","4":"has-post-thumbnail","6":"product_cat-maatalous","7":"product_cat-muut","8":"desktop-align-left","9":"tablet-align-left","10":"mobile-align-left","12":"first","13":"instock","14":"shipping-taxable","15":"purchasable","16":"product-type-simple"},"acf":[],"_links":{"self":[{"href":"https:\/\/maakoneet.pilardev.fi\/sv\/wp-json\/wp\/v2\/product\/3372","targetHints":{"allow":["GET"]}}],"collection":[{"href":"https:\/\/maakoneet.pilardev.fi\/sv\/wp-json\/wp\/v2\/product"}],"about":[{"href":"https:\/\/maakoneet.pilardev.fi\/sv\/wp-json\/wp\/v2\/types\/product"}],"replies":[{"embeddable":true,"href":"https:\/\/maakoneet.pilardev.fi\/sv\/wp-json\/wp\/v2\/comments?post=3372"}],"wp:featuredmedia":[{"embeddable":true,"href":"https:\/\/maakoneet.pilardev.fi\/sv\/wp-json\/wp\/v2\/media\/3375"}],"wp:attachment":[{"href":"https:\/\/maakoneet.pilardev.fi\/sv\/wp-json\/wp\/v2\/media?parent=3372"}],"wp:term":[{"taxonomy":"product_brand","embeddable":true,"href":"https:\/\/maakoneet.pilardev.fi\/sv\/wp-json\/wp\/v2\/product_brand?post=3372"},{"taxonomy":"product_cat","embeddable":true,"href":"https:\/\/maakoneet.pilardev.fi\/sv\/wp-json\/wp\/v2\/product_cat?post=3372"},{"taxonomy":"product_tag","embeddable":true,"href":"https:\/\/maakoneet.pilardev.fi\/sv\/wp-json\/wp\/v2\/product_tag?post=3372"}],"curies":[{"name":"wp","href":"https:\/\/api.w.org\/{rel}","templated":true}]}}